{"id":2,"date":"2024-12-11T00:21:00","date_gmt":"2024-12-11T00:21:00","guid":{"rendered":"http:\/\/iipis.pl\/?page_id=2"},"modified":"2024-12-20T17:10:24","modified_gmt":"2024-12-20T17:10:24","slug":"sample-page","status":"publish","type":"page","link":"https:\/\/iipis.pl\/","title":{"rendered":"Nowa jako\u015b\u0107 w energetyce i budownictwie"},"content":{"rendered":"\n<p>Ju\u017c dzi\u015b serdecznie zapraszam od stycznia 2025 na now\u0105 ods\u0142on\u0119 naszej witryny ! <\/p>\n\n\n\n<p><em>Patryk Weisser, w\u0142a\u015bciciel <\/em><\/p>\n","protected":false},"excerpt":{"rendered":"<p>Ju\u017c dzi\u015b serdecznie zapraszam od stycznia 2025 na now\u0105 ods\u0142on\u0119 naszej witryny ! Patryk Weisser, w\u0142a\u015bciciel<\/p>\n","protected":false},"author":1,"featured_media":0,"parent":0,"menu_order":0,"comment_status":"closed","ping_status":"open","template":"","meta":[],"_links":{"self":[{"href":"https:\/\/iipis.pl\/index.php\/wp-json\/wp\/v2\/pages\/2"}],"collection":[{"href":"https:\/\/iipis.pl\/index.php\/wp-json\/wp\/v2\/pages"}],"about":[{"href":"https:\/\/iipis.pl\/index.php\/wp-json\/wp\/v2\/types\/page"}],"author":[{"embeddable":true,"href":"https:\/\/iipis.pl\/index.php\/wp-json\/wp\/v2\/users\/1"}],"replies":[{"embeddable":true,"href":"https:\/\/iipis.pl\/index.php\/wp-json\/wp\/v2\/comments?post=2"}],"version-history":[{"count":2,"href":"https:\/\/iipis.pl\/index.php\/wp-json\/wp\/v2\/pages\/2\/revisions"}],"predecessor-version":[{"id":24,"href":"https:\/\/iipis.pl\/index.php\/wp-json\/wp\/v2\/pages\/2\/revisions\/24"}],"wp:attachment":[{"href":"https:\/\/iipis.pl\/index.php\/wp-json\/wp\/v2\/media?parent=2"}],"curies":[{"name":"wp","href":"https:\/\/api.w.org\/{rel}","templated":true}]}}